{"id":41,"date":"2025-05-16T22:12:34","date_gmt":"2025-05-16T20:12:34","guid":{"rendered":"https:\/\/kravmagabremen.de\/wordpress\/?page_id=41"},"modified":"2025-09-12T15:38:08","modified_gmt":"2025-09-12T13:38:08","slug":"team","status":"publish","type":"page","link":"https:\/\/kravmagabremen.de\/wordpress\/team\/","title":{"rendered":"Das Team"},"content":{"rendered":"\n<p>Im Januar 2009 fand die erste \u00dcbungstunde der Abteilung Krav Maga des TV Bremen-Walle 1875 statt. Hendrik L\u00fcck gr\u00fcndete die Abteilung und unterrichtete in den ersten Jahren noch alleine. Im Laufe der Zeit ist die Abteilung immer weiter gewachsen, und mittlerweile k\u00fcmmert sich ein ganzes Team von Instruktoren und Assistenten um Euer Training. Im Team finden sich deshalb unterschiedlichste Altersstufen und Erfahrungen in Kampfsportarten und Kampfk\u00fcnsten, was dem Training zugute kommt.<\/p>\n\n\n\n<p>Durch regelm\u00e4\u00dfige Weiterbildungen sorgen wir f\u00fcr ein konstant hohes Niveau, um Euch mit Spa\u00df den bestm\u00f6glichen Unterricht n\u00e4her zu bringen.<\/p>\n\n\n\n<div id=\"wp-block-themeisle-blocks-advanced-columns-115f2af0\" class=\"wp-block-themeisle-blocks-advanced-columns has-2-columns has-desktop-oneTwo-layout has-tablet-equal-layout has-mobile-collapsedRows-layout has-vertical-unset\"><div class=\"wp-block-themeisle-blocks-advanced-columns-overlay\"><\/div><div class=\"innerblocks-wrap\">\n<div id=\"wp-block-themeisle-blocks-advanced-column-1c326327\" class=\"wp-block-themeisle-blocks-advanced-column\">\n<figure class=\"wp-block-image size-full\"><img data-opt-id=2078736100  fetchpriority=\"high\" decoding=\"async\" width=\"190\" height=\"253\" src=\"https:\/\/mlerlwx8bjtg.i.optimole.com\/cb:jziu.f5a\/w:auto\/h:auto\/q:mauto\/ig:avif\/https:\/\/kravmagabremen.de\/wordpress\/wp-content\/uploads\/2025\/05\/DSC02298-pixneu-k190-1.jpg\" alt=\"\" class=\"wp-image-317\"\/><\/figure>\n<\/div>\n\n\n\n<div id=\"wp-block-themeisle-blocks-advanced-column-bfe5b77c\" class=\"wp-block-themeisle-blocks-advanced-column\">\n<p>Marc ist Diplom-Verwaltungswirt und leitet die Abteilung Krav Maga beim TV Bremen-Walle 1875 e.V.<br>Er betreibt seit 1981 Kampfsport und hat mehrj\u00e4hrige Erfahrung im Karate und Escrima, sowie Krav Maga und KAPAP.<br>Marc ist Inhaber folgender Lizenzen:<\/p>\n\n\n\n<ul class=\"wp-block-list\">\n<li>\u00dcbungsleiter C<\/li>\n\n\n\n<li>Krav Maga Trainer<\/li>\n\n\n\n<li>KAPAP Instructor Level 2<\/li>\n\n\n\n<li>Knife Survival Instructor<\/li>\n\n\n\n<li>Tactical Knife Instructor<\/li>\n\n\n\n<li>Krav Maga Junior Instructor<\/li>\n\n\n\n<li>Gewaltpr\u00e4ventionstrainer D<\/li>\n\n\n\n<li>Lehrer f\u00fcr Selbstverteidigung, Stufe 1<\/li>\n<\/ul>\n<\/div>\n<\/div><\/div>\n\n\n\n<hr class=\"wp-block-separator has-alpha-channel-opacity\"\/>\n\n\n\n<div id=\"wp-block-themeisle-blocks-advanced-columns-42d4c78a\" class=\"wp-block-themeisle-blocks-advanced-columns has-2-columns has-desktop-oneTwo-layout has-tablet-equal-layout has-mobile-collapsedRows-layout has-vertical-unset\"><div class=\"wp-block-themeisle-blocks-advanced-columns-overlay\"><\/div><div class=\"innerblocks-wrap\">\n<div id=\"wp-block-themeisle-blocks-advanced-column-03a05346\" class=\"wp-block-themeisle-blocks-advanced-column\">\n<figure class=\"wp-block-image size-full\"><img data-opt-id=1140446865  fetchpriority=\"high\" decoding=\"async\" width=\"190\" height=\"253\" src=\"https:\/\/mlerlwx8bjtg.i.optimole.com\/cb:jziu.f5a\/w:auto\/h:auto\/q:mauto\/ig:avif\/https:\/\/kravmagabremen.de\/wordpress\/wp-content\/uploads\/2025\/05\/britta-s-1.jpg\" alt=\"\" class=\"wp-image-233\"\/><\/figure>\n<\/div>\n\n\n\n<div id=\"wp-block-themeisle-blocks-advanced-column-a1590804\" class=\"wp-block-themeisle-blocks-advanced-column\">\n<p>Britta ist Diplom-Verwaltungswirtin und betreibt Krav Maga und KAPAP seit 2009.&nbsp;<br>Britta&nbsp;ist Inhaberin folgender Lizenzen:<\/p>\n\n\n\n<ul class=\"wp-block-list\">\n<li>\u00dcbungsleiterin C<\/li>\n\n\n\n<li>Krav Maga Trainerin<\/li>\n\n\n\n<li>KAPAP Instructorin Level 2<\/li>\n\n\n\n<li>1. Dan Krav Maga (E.h.)<\/li>\n\n\n\n<li>Gewaltpr\u00e4ventionstrainerin D<\/li>\n\n\n\n<li>Lehrerin f\u00fcr Selbstverteidigung, Stufe 1<\/li>\n<\/ul>\n<\/div>\n<\/div><\/div>\n\n\n\n<hr class=\"wp-block-separator has-alpha-channel-opacity\"\/>\n\n\n\n<div id=\"wp-block-themeisle-blocks-advanced-columns-844676e5\" class=\"wp-block-themeisle-blocks-advanced-columns has-2-columns has-desktop-oneTwo-layout has-tablet-equal-layout has-mobile-collapsedRows-layout has-vertical-unset\"><div class=\"wp-block-themeisle-blocks-advanced-columns-overlay\"><\/div><div class=\"innerblocks-wrap\">\n<div id=\"wp-block-themeisle-blocks-advanced-column-b7870976\" class=\"wp-block-themeisle-blocks-advanced-column\">\n<figure class=\"wp-block-image size-full\"><img data-opt-id=1852514687  data-opt-src=\"https:\/\/mlerlwx8bjtg.i.optimole.com\/cb:jziu.f5a\/w:auto\/h:auto\/q:mauto\/ig:avif\/https:\/\/kravmagabremen.de\/wordpress\/wp-content\/uploads\/2025\/05\/jens-s.jpg\"  decoding=\"async\" width=\"190\" height=\"253\" src=\"data:image/svg+xml,%3Csvg%20viewBox%3D%220%200%20100%%20100%%22%20width%3D%22100%%22%20height%3D%22100%%22%20xmlns%3D%22http%3A%2F%2Fwww.w3.org%2F2000%2Fsvg%22%3E%3Crect%20width%3D%22100%%22%20height%3D%22100%%22%20fill%3D%22transparent%22%2F%3E%3C%2Fsvg%3E\" alt=\"\" class=\"wp-image-194\"\/><\/figure>\n<\/div>\n\n\n\n<div id=\"wp-block-themeisle-blocks-advanced-column-e00df6d1\" class=\"wp-block-themeisle-blocks-advanced-column\">\n<p>Jens ist als SAP Berater t\u00e4tig. Seit 1982 betreibt er Kampfsport und hat mehrj\u00e4hrige Erfahrung im Muay Thai, Kickboxen, Krav Maga und KAPAP.<br>Jens ist Inhaber folgender Lizenzen:<\/p>\n\n\n\n<ul class=\"wp-block-list\">\n<li>\u00dcbungsleiter C<\/li>\n\n\n\n<li>Krav Maga Trainer<\/li>\n\n\n\n<li>KAPAP Instructor Level 3<\/li>\n\n\n\n<li>Pocket Stick Instructor Level 2<\/li>\n\n\n\n<li>Knife Survival Instructor<\/li>\n\n\n\n<li>1. Dan Krav Maga (E.h.)<\/li>\n\n\n\n<li>Gewaltpr\u00e4ventionstrainer D<\/li>\n\n\n\n<li>Lehrer f\u00fcr Selbstverteidigung, Stufe 1<\/li>\n<\/ul>\n<\/div>\n<\/div><\/div>\n\n\n\n<hr class=\"wp-block-separator has-alpha-channel-opacity\"\/>\n\n\n\n<div id=\"wp-block-themeisle-blocks-advanced-columns-01997ae6\" class=\"wp-block-themeisle-blocks-advanced-columns has-2-columns has-desktop-oneTwo-layout has-tablet-equal-layout has-mobile-collapsedRows-layout has-vertical-unset\"><div class=\"wp-block-themeisle-blocks-advanced-columns-overlay\"><\/div><div class=\"innerblocks-wrap\">\n<div id=\"wp-block-themeisle-blocks-advanced-column-d9f447c3\" class=\"wp-block-themeisle-blocks-advanced-column\">\n<figure class=\"wp-block-image size-large is-resized\"><img data-opt-id=1470869476  data-opt-src=\"https:\/\/mlerlwx8bjtg.i.optimole.com\/cb:jziu.f5a\/w:683\/h:1024\/q:mauto\/ig:avif\/https:\/\/kravmagabremen.de\/wordpress\/wp-content\/uploads\/2025\/06\/Jens.jpg\"  decoding=\"async\" width=\"683\" height=\"1024\" src=\"data:image/svg+xml,%3Csvg%20viewBox%3D%220%200%20683%201024%22%20width%3D%22683%22%20height%3D%221024%22%20xmlns%3D%22http%3A%2F%2Fwww.w3.org%2F2000%2Fsvg%22%3E%3Crect%20width%3D%22683%22%20height%3D%221024%22%20fill%3D%22transparent%22%2F%3E%3C%2Fsvg%3E\" alt=\"\" class=\"wp-image-568\" style=\"width:197px;height:auto\"\/><\/figure>\n<\/div>\n\n\n\n<div id=\"wp-block-themeisle-blocks-advanced-column-b7817d63\" class=\"wp-block-themeisle-blocks-advanced-column\">\n<p>Jens ist gelernter Sozialversicherungsfachangestellter. Er verf\u00fcgt \u00fcber mehrj\u00e4hrige Erfahrung im Krav Maga und KAPAP, sowie in der p\u00e4dagogischen Arbeit mit Kindern und Jugendlichen.<br>Jens ist Inhaber folgender Lizenzen:<\/p>\n\n\n\n<ul class=\"wp-block-list\">\n<li>\u00dcbungsleiter C<\/li>\n\n\n\n<li>Krav Maga Trainer<\/li>\n\n\n\n<li>KAPAP Instructor Level 2<\/li>\n\n\n\n<li>Krav Maga Junior Instructor<\/li>\n\n\n\n<li>1. Dan Krav Maga (E.h.)<\/li>\n\n\n\n<li>Gewaltpr\u00e4ventionstrainer D<\/li>\n\n\n\n<li>Lehrer f\u00fcr Selbstverteidigung, Stufe 1<\/li>\n\n\n\n<li>Einsatzersthelfer A<\/li>\n<\/ul>\n<\/div>\n<\/div><\/div>\n\n\n\n<hr class=\"wp-block-separator has-alpha-channel-opacity\"\/>\n\n\n\n<div id=\"wp-block-themeisle-blocks-advanced-columns-e7ca0686\" class=\"wp-block-themeisle-blocks-advanced-columns has-2-columns has-desktop-oneTwo-layout has-tablet-equal-layout has-mobile-collapsedRows-layout has-vertical-unset\"><div class=\"wp-block-themeisle-blocks-advanced-columns-overlay\"><\/div><div class=\"innerblocks-wrap\">\n<div id=\"wp-block-themeisle-blocks-advanced-column-b100806b\" class=\"wp-block-themeisle-blocks-advanced-column\">\n<figure class=\"wp-block-image size-full\"><img data-opt-id=1394175000  data-opt-src=\"https:\/\/mlerlwx8bjtg.i.optimole.com\/cb:jziu.f5a\/w:auto\/h:auto\/q:mauto\/ig:avif\/https:\/\/kravmagabremen.de\/wordpress\/wp-content\/uploads\/2025\/05\/jeff-s-1.jpg\"  decoding=\"async\" width=\"190\" height=\"253\" src=\"data:image/svg+xml,%3Csvg%20viewBox%3D%220%200%20100%%20100%%22%20width%3D%22100%%22%20height%3D%22100%%22%20xmlns%3D%22http%3A%2F%2Fwww.w3.org%2F2000%2Fsvg%22%3E%3Crect%20width%3D%22100%%22%20height%3D%22100%%22%20fill%3D%22transparent%22%2F%3E%3C%2Fsvg%3E\" alt=\"\" class=\"wp-image-220\"\/><\/figure>\n<\/div>\n\n\n\n<div id=\"wp-block-themeisle-blocks-advanced-column-3cdc2d26\" class=\"wp-block-themeisle-blocks-advanced-column\">\n<p>Evgeny ist als Ingenieur und Projektmanager t\u00e4tig. Er verf\u00fcgt \u00fcber mehrj\u00e4hrige Kampfsporterfahrung im Taekwon Do, Ju Jutsu, Krav Maga und KAPAP.<br>Evgeny&nbsp;ist Inhaber folgender Lizenzen:<\/p>\n\n\n\n<ul class=\"wp-block-list\">\n<li>KAPAP Instructor Level 2<\/li>\n\n\n\n<li>Poket Stick Instructor Level 1<\/li>\n\n\n\n<li>1. Dan Krav Maga (E.h.)<\/li>\n\n\n\n<li>Gewaltpr\u00e4ventionstrainer D<\/li>\n\n\n\n<li>Lehrer f\u00fcr Selbstverteidigung, Stufe 1<\/li>\n<\/ul>\n<\/div>\n<\/div><\/div>\n\n\n\n<hr class=\"wp-block-separator has-alpha-channel-opacity\"\/>\n\n\n\n<div id=\"wp-block-themeisle-blocks-advanced-columns-49c209d4\" class=\"wp-block-themeisle-blocks-advanced-columns has-2-columns has-desktop-oneTwo-layout has-tablet-equal-layout has-mobile-collapsedRows-layout has-vertical-unset\"><div class=\"wp-block-themeisle-blocks-advanced-columns-overlay\"><\/div><div class=\"innerblocks-wrap\">\n<div id=\"wp-block-themeisle-blocks-advanced-column-fb47d942\" class=\"wp-block-themeisle-blocks-advanced-column\"><\/div>\n\n\n\n<div id=\"wp-block-themeisle-blocks-advanced-column-0a1c860e\" class=\"wp-block-themeisle-blocks-advanced-column\">\n<p>Kevin ist Inhaber einer Sanit\u00e4r- und Heizungsbau-Firma. Er verf\u00fcgt \u00fcber mehrj\u00e4hrige Erfahrung im Krav Maga und KAPAP.<br>Kevin&nbsp;ist Inhaber folgender Lizenzen:<\/p>\n\n\n\n<ul class=\"wp-block-list\">\n<li>Gewaltpr\u00e4ventionstrainer C<\/li>\n\n\n\n<li>Lehrer f\u00fcr Selbstverteidigung, Stufe 1<\/li>\n<\/ul>\n<\/div>\n<\/div><\/div>\n\n\n\n<hr class=\"wp-block-separator has-alpha-channel-opacity\"\/>\n\n\n\n<p><\/p>\n","protected":false},"excerpt":{"rendered":"<p>Im Januar 2009 fand die erste \u00dcbungstunde der Abteilung Krav Maga des TV Bremen-Walle 1875 statt. Hendrik L\u00fcck gr\u00fcndete die Abteilung und unterrichtete in den ersten Jahren noch alleine. Im Laufe der Zeit ist die Abteilung immer weiter gewachsen, und mittlerweile k\u00fcmmert sich ein ganzes Team von Instruktoren und Assistenten um Euer Training. Im Team&hellip;&nbsp;<a href=\"https:\/\/kravmagabremen.de\/wordpress\/team\/\" rel=\"bookmark\"><span class=\"screen-reader-text\">Das Team<\/span><\/a><\/p>\n","protected":false},"author":1,"featured_media":0,"parent":0,"menu_order":0,"comment_status":"closed","ping_status":"closed","template":"","meta":{"neve_meta_sidebar":"","neve_meta_container":"","neve_meta_enable_content_width":"","neve_meta_content_width":0,"neve_meta_title_alignment":"","neve_meta_author_avatar":"","neve_post_elements_order":"","neve_meta_disable_header":"","neve_meta_disable_footer":"","neve_meta_disable_title":"","_themeisle_gutenberg_block_has_review":false,"_kadence_starter_templates_imported_post":false,"footnotes":""},"class_list":["post-41","page","type-page","status-publish","hentry"],"yoast_head":"<!-- This site is optimized with the Yoast SEO plugin v27.4 - https:\/\/yoast.com\/product\/yoast-seo-wordpress\/ -->\n<title>Trainer Assistenten Team Ausbilder im Krav Maga - Krav Maga Bremen<\/title>\n<meta name=\"robots\" content=\"index, follow, max-snippet:-1, max-image-preview:large, max-video-preview:-1\" \/>\n<link rel=\"canonical\" href=\"https:\/\/kravmagabremen.de\/wordpress\/team\/\" \/>\n<meta property=\"og:locale\" content=\"de_DE\" \/>\n<meta property=\"og:type\" content=\"article\" \/>\n<meta property=\"og:title\" content=\"Trainer Assistenten Team Ausbilder im Krav Maga - Krav Maga Bremen\" \/>\n<meta property=\"og:description\" content=\"Im Januar 2009 fand die erste \u00dcbungstunde der Abteilung Krav Maga des TV Bremen-Walle 1875 statt. Hendrik L\u00fcck gr\u00fcndete die Abteilung und unterrichtete in den ersten Jahren noch alleine. Im Laufe der Zeit ist die Abteilung immer weiter gewachsen, und mittlerweile k\u00fcmmert sich ein ganzes Team von Instruktoren und Assistenten um Euer Training. Im Team&hellip;&nbsp;Das Team\" \/>\n<meta property=\"og:url\" content=\"https:\/\/kravmagabremen.de\/wordpress\/team\/\" \/>\n<meta property=\"og:site_name\" content=\"Krav Maga Bremen\" \/>\n<meta property=\"article:publisher\" content=\"https:\/\/www.facebook.com\/p\/Krav-Maga-Bremen-100067996480889\/\" \/>\n<meta property=\"article:modified_time\" content=\"2025-09-12T13:38:08+00:00\" \/>\n<meta property=\"og:image\" content=\"https:\/\/mlerlwx8bjtg.i.optimole.com\/cb:jziu.f5a\/w:auto\/h:auto\/q:mauto\/ig:avif\/https:\/\/kravmagabremen.de\/wordpress\/wp-content\/uploads\/2025\/05\/DSC02298-pixneu-k190-1.jpg\" \/>\n<meta name=\"twitter:card\" content=\"summary_large_image\" \/>\n<meta name=\"twitter:label1\" content=\"Gesch\u00e4tzte Lesezeit\" \/>\n\t<meta name=\"twitter:data1\" content=\"4\u00a0Minuten\" \/>\n<script type=\"application\/ld+json\" class=\"yoast-schema-graph\">{\"@context\":\"https:\\\/\\\/schema.org\",\"@graph\":[{\"@type\":\"WebPage\",\"@id\":\"https:\\\/\\\/kravmagabremen.de\\\/wordpress\\\/team\\\/\",\"url\":\"https:\\\/\\\/kravmagabremen.de\\\/wordpress\\\/team\\\/\",\"name\":\"Trainer Assistenten Team Ausbilder im Krav Maga - Krav Maga Bremen\",\"isPartOf\":{\"@id\":\"https:\\\/\\\/kravmagabremen.de\\\/wordpress\\\/#website\"},\"primaryImageOfPage\":{\"@id\":\"https:\\\/\\\/kravmagabremen.de\\\/wordpress\\\/team\\\/#primaryimage\"},\"image\":{\"@id\":\"https:\\\/\\\/kravmagabremen.de\\\/wordpress\\\/team\\\/#primaryimage\"},\"thumbnailUrl\":\"https:\\/\\/kravmagabremen.de\\/wordpress\\/wp-content\\/uploads\\/2025\\/05\\/DSC02298-pixneu-k190-1.jpg\",\"datePublished\":\"2025-05-16T20:12:34+00:00\",\"dateModified\":\"2025-09-12T13:38:08+00:00\",\"breadcrumb\":{\"@id\":\"https:\\\/\\\/kravmagabremen.de\\\/wordpress\\\/team\\\/#breadcrumb\"},\"inLanguage\":\"de\",\"potentialAction\":[{\"@type\":\"ReadAction\",\"target\":[\"https:\\\/\\\/kravmagabremen.de\\\/wordpress\\\/team\\\/\"]}]},{\"@type\":\"ImageObject\",\"inLanguage\":\"de\",\"@id\":\"https:\\\/\\\/kravmagabremen.de\\\/wordpress\\\/team\\\/#primaryimage\",\"url\":\"https:\\/\\/kravmagabremen.de\\/wordpress\\/wp-content\\/uploads\\/2025\\/05\\/DSC02298-pixneu-k190-1.jpg\",\"contentUrl\":\"https:\\/\\/kravmagabremen.de\\/wordpress\\/wp-content\\/uploads\\/2025\\/05\\/DSC02298-pixneu-k190-1.jpg\",\"width\":190,\"height\":253,\"caption\":\"SONY DSC\"},{\"@type\":\"BreadcrumbList\",\"@id\":\"https:\\\/\\\/kravmagabremen.de\\\/wordpress\\\/team\\\/#breadcrumb\",\"itemListElement\":[{\"@type\":\"ListItem\",\"position\":1,\"name\":\"Startseite\",\"item\":\"https:\\\/\\\/kravmagabremen.de\\\/wordpress\\\/\"},{\"@type\":\"ListItem\",\"position\":2,\"name\":\"Das Team\"}]},{\"@type\":\"WebSite\",\"@id\":\"https:\\\/\\\/kravmagabremen.de\\\/wordpress\\\/#website\",\"url\":\"https:\\\/\\\/kravmagabremen.de\\\/wordpress\\\/\",\"name\":\"Krav Maga Bremen\",\"description\":\"Effektive Selbstverteidigung\",\"publisher\":{\"@id\":\"https:\\\/\\\/kravmagabremen.de\\\/wordpress\\\/#organization\"},\"potentialAction\":[{\"@type\":\"SearchAction\",\"target\":{\"@type\":\"EntryPoint\",\"urlTemplate\":\"https:\\\/\\\/kravmagabremen.de\\\/wordpress\\\/?s={search_term_string}\"},\"query-input\":{\"@type\":\"PropertyValueSpecification\",\"valueRequired\":true,\"valueName\":\"search_term_string\"}}],\"inLanguage\":\"de\"},{\"@type\":\"Organization\",\"@id\":\"https:\\\/\\\/kravmagabremen.de\\\/wordpress\\\/#organization\",\"name\":\"Krav Maga Bremen\",\"url\":\"https:\\\/\\\/kravmagabremen.de\\\/wordpress\\\/\",\"logo\":{\"@type\":\"ImageObject\",\"inLanguage\":\"de\",\"@id\":\"https:\\\/\\\/kravmagabremen.de\\\/wordpress\\\/#\\\/schema\\\/logo\\\/image\\\/\",\"url\":\"https:\\/\\/kravmagabremen.de\\/wordpress\\/wp-content\\/uploads\\/2025\\/02\\/kmbfaust.png\",\"contentUrl\":\"https:\\/\\/kravmagabremen.de\\/wordpress\\/wp-content\\/uploads\\/2025\\/02\\/kmbfaust.png\",\"width\":188,\"height\":176,\"caption\":\"Krav Maga Bremen\"},\"image\":{\"@id\":\"https:\\\/\\\/kravmagabremen.de\\\/wordpress\\\/#\\\/schema\\\/logo\\\/image\\\/\"},\"sameAs\":[\"https:\\\/\\\/www.facebook.com\\\/p\\\/Krav-Maga-Bremen-100067996480889\\\/\"]}]}<\/script>\n<!-- \/ Yoast SEO plugin. -->","yoast_head_json":{"title":"Trainer Assistenten Team Ausbilder im Krav Maga - Krav Maga Bremen","robots":{"index":"index","follow":"follow","max-snippet":"max-snippet:-1","max-image-preview":"max-image-preview:large","max-video-preview":"max-video-preview:-1"},"canonical":"https:\/\/kravmagabremen.de\/wordpress\/team\/","og_locale":"de_DE","og_type":"article","og_title":"Trainer Assistenten Team Ausbilder im Krav Maga - Krav Maga Bremen","og_description":"Im Januar 2009 fand die erste \u00dcbungstunde der Abteilung Krav Maga des TV Bremen-Walle 1875 statt. Hendrik L\u00fcck gr\u00fcndete die Abteilung und unterrichtete in den ersten Jahren noch alleine. Im Laufe der Zeit ist die Abteilung immer weiter gewachsen, und mittlerweile k\u00fcmmert sich ein ganzes Team von Instruktoren und Assistenten um Euer Training. Im Team&hellip;&nbsp;Das Team","og_url":"https:\/\/kravmagabremen.de\/wordpress\/team\/","og_site_name":"Krav Maga Bremen","article_publisher":"https:\/\/www.facebook.com\/p\/Krav-Maga-Bremen-100067996480889\/","article_modified_time":"2025-09-12T13:38:08+00:00","og_image":[{"url":"https:\/\/mlerlwx8bjtg.i.optimole.com\/cb:jziu.f5a\/w:auto\/h:auto\/q:mauto\/ig:avif\/https:\/\/kravmagabremen.de\/wordpress\/wp-content\/uploads\/2025\/05\/DSC02298-pixneu-k190-1.jpg","type":"","width":"","height":""}],"twitter_card":"summary_large_image","twitter_misc":{"Gesch\u00e4tzte Lesezeit":"4\u00a0Minuten"},"schema":{"@context":"https:\/\/schema.org","@graph":[{"@type":"WebPage","@id":"https:\/\/kravmagabremen.de\/wordpress\/team\/","url":"https:\/\/kravmagabremen.de\/wordpress\/team\/","name":"Trainer Assistenten Team Ausbilder im Krav Maga - Krav Maga Bremen","isPartOf":{"@id":"https:\/\/kravmagabremen.de\/wordpress\/#website"},"primaryImageOfPage":{"@id":"https:\/\/kravmagabremen.de\/wordpress\/team\/#primaryimage"},"image":{"@id":"https:\/\/kravmagabremen.de\/wordpress\/team\/#primaryimage"},"thumbnailUrl":"https:\/\/mlerlwx8bjtg.i.optimole.com\/cb:jziu.f5a\/w:auto\/h:auto\/q:mauto\/ig:avif\/https:\/\/kravmagabremen.de\/wordpress\/wp-content\/uploads\/2025\/05\/DSC02298-pixneu-k190-1.jpg","datePublished":"2025-05-16T20:12:34+00:00","dateModified":"2025-09-12T13:38:08+00:00","breadcrumb":{"@id":"https:\/\/kravmagabremen.de\/wordpress\/team\/#breadcrumb"},"inLanguage":"de","potentialAction":[{"@type":"ReadAction","target":["https:\/\/kravmagabremen.de\/wordpress\/team\/"]}]},{"@type":"ImageObject","inLanguage":"de","@id":"https:\/\/kravmagabremen.de\/wordpress\/team\/#primaryimage","url":"https:\/\/mlerlwx8bjtg.i.optimole.com\/cb:jziu.f5a\/w:auto\/h:auto\/q:mauto\/ig:avif\/https:\/\/kravmagabremen.de\/wordpress\/wp-content\/uploads\/2025\/05\/DSC02298-pixneu-k190-1.jpg","contentUrl":"https:\/\/mlerlwx8bjtg.i.optimole.com\/cb:jziu.f5a\/w:auto\/h:auto\/q:mauto\/ig:avif\/https:\/\/kravmagabremen.de\/wordpress\/wp-content\/uploads\/2025\/05\/DSC02298-pixneu-k190-1.jpg","width":190,"height":253,"caption":"SONY DSC"},{"@type":"BreadcrumbList","@id":"https:\/\/kravmagabremen.de\/wordpress\/team\/#breadcrumb","itemListElement":[{"@type":"ListItem","position":1,"name":"Startseite","item":"https:\/\/kravmagabremen.de\/wordpress\/"},{"@type":"ListItem","position":2,"name":"Das Team"}]},{"@type":"WebSite","@id":"https:\/\/kravmagabremen.de\/wordpress\/#website","url":"https:\/\/kravmagabremen.de\/wordpress\/","name":"Krav Maga Bremen","description":"Effektive Selbstverteidigung","publisher":{"@id":"https:\/\/kravmagabremen.de\/wordpress\/#organization"},"potentialAction":[{"@type":"SearchAction","target":{"@type":"EntryPoint","urlTemplate":"https:\/\/kravmagabremen.de\/wordpress\/?s={search_term_string}"},"query-input":{"@type":"PropertyValueSpecification","valueRequired":true,"valueName":"search_term_string"}}],"inLanguage":"de"},{"@type":"Organization","@id":"https:\/\/kravmagabremen.de\/wordpress\/#organization","name":"Krav Maga Bremen","url":"https:\/\/kravmagabremen.de\/wordpress\/","logo":{"@type":"ImageObject","inLanguage":"de","@id":"https:\/\/kravmagabremen.de\/wordpress\/#\/schema\/logo\/image\/","url":"https:\/\/mlerlwx8bjtg.i.optimole.com\/cb:jziu.f5a\/w:auto\/h:auto\/q:mauto\/ig:avif\/https:\/\/kravmagabremen.de\/wordpress\/wp-content\/uploads\/2025\/02\/kmbfaust.png","contentUrl":"https:\/\/mlerlwx8bjtg.i.optimole.com\/cb:jziu.f5a\/w:auto\/h:auto\/q:mauto\/ig:avif\/https:\/\/kravmagabremen.de\/wordpress\/wp-content\/uploads\/2025\/02\/kmbfaust.png","width":188,"height":176,"caption":"Krav Maga Bremen"},"image":{"@id":"https:\/\/kravmagabremen.de\/wordpress\/#\/schema\/logo\/image\/"},"sameAs":["https:\/\/www.facebook.com\/p\/Krav-Maga-Bremen-100067996480889\/"]}]}},"_links":{"self":[{"href":"https:\/\/kravmagabremen.de\/wordpress\/wp-json\/wp\/v2\/pages\/41","targetHints":{"allow":["GET"]}}],"collection":[{"href":"https:\/\/kravmagabremen.de\/wordpress\/wp-json\/wp\/v2\/pages"}],"about":[{"href":"https:\/\/kravmagabremen.de\/wordpress\/wp-json\/wp\/v2\/types\/page"}],"author":[{"embeddable":true,"href":"https:\/\/kravmagabremen.de\/wordpress\/wp-json\/wp\/v2\/users\/1"}],"replies":[{"embeddable":true,"href":"https:\/\/kravmagabremen.de\/wordpress\/wp-json\/wp\/v2\/comments?post=41"}],"version-history":[{"count":23,"href":"https:\/\/kravmagabremen.de\/wordpress\/wp-json\/wp\/v2\/pages\/41\/revisions"}],"predecessor-version":[{"id":656,"href":"https:\/\/kravmagabremen.de\/wordpress\/wp-json\/wp\/v2\/pages\/41\/revisions\/656"}],"wp:attachment":[{"href":"https:\/\/kravmagabremen.de\/wordpress\/wp-json\/wp\/v2\/media?parent=41"}],"curies":[{"name":"wp","href":"https:\/\/api.w.org\/{rel}","templated":true}]}}